{"id":17020,"date":"2021-06-14T22:24:17","date_gmt":"2021-06-14T22:24:17","guid":{"rendered":"https:\/\/guntan.de\/fiori-mobile\/"},"modified":"2021-09-11T20:28:22","modified_gmt":"2021-09-11T20:28:22","slug":"fiori-mobile","status":"publish","type":"page","link":"https:\/\/guntan.de\/de\/fiori-mobile\/","title":{"rendered":"Fiori\/Mobile"},"content":{"rendered":"<p>[vc_row][vc_column][vc_empty_space][vc_single_image image=&#8221;16406&#8243; img_size=&#8221;1500&#215;300&#8243;][vc_empty_space]\t\t<div  class=\"webgatha_section_title_wrapper webgatha-section-title-e2c4a40d5\" >\n\t\t\t\n<div class=\"section-title-cover text-left\">\n\t\t\t<h2 class=\"section-main-title \">\n\t\t\tSAP Fiori - Die Benutzererfahrung der n\u00e4chsten Generation zu bieten\t\t<\/h2>\n\t\t<\/div>\n\t\t<\/div>\n\t\t[\/vc_column][\/vc_row][vc_row][vc_column][vc_column_text]SAP Fiori ist die Benutzeroberfl\u00e4che oder Benutzererfahrung (UX), die die SAP-GUI erg\u00e4nzt und ersetzen kann. Diese optimierte Anwendung verwendet Kacheln, um Standardaufgaben wie das Genehmigen von Bestellanforderungen, das Anzeigen von Kundenauftr\u00e4gen und das Genehmigen von Arbeitszeittabellen zu kapseln. Die SAP-Fiori-Umgebung ist der neue Standard f\u00fcr moderne Benutzeroberfl\u00e4chen und besteht aus einer Reihe von Anwendungen:<\/p>\n<p><strong>Responsive &#8211; <\/strong>Sie k\u00f6nnen auf jedem Ger\u00e4t verwendet werden: Desktop-Computern, Tablets und Smartphones. Sie haben Zugriff auf Ihre Daten vor Ort, unterwegs und bei Besprechungen mit Kunden.<\/p>\n<p><strong>Einfach &#8211; <\/strong>F\u00fcr die Arbeit mit SAP Fiori sind keine Programmierkenntnisse erforderlich. Die Anwendungen sind so konzipiert, dass sie vollst\u00e4ndig intuitiv verwendet werden k\u00f6nnen.<\/p>\n<p><strong>Verbunden &#8211; <\/strong>Alle Fiori-Apps arbeiten in einer Umgebung, sodass Sie sich frei zwischen ihnen bewegen k\u00f6nnen. Sie k\u00f6nnen Ihren Bildschirm ganz einfach an Ihre Bed\u00fcrfnisse anpassen und Platz f\u00fcr alle erforderlichen Informationen finden.<\/p>\n<p><strong>Rollenbasiert &#8211; <\/strong>Sie k\u00f6nnen einzelnen Rollen im Unternehmen (Analysten, Vertrieb, Einkauf usw.) ganze Anwendungss\u00e4tze zuweisen. Dies bedeutet, dass auf bestimmte Daten nur bestimmte Personen zugreifen k\u00f6nnen.<\/p>\n<p><strong>Praktisch &#8211; <\/strong>die Benutzeroberfl\u00e4che ist klar, \u00e4sthetisch und modern. Arbeiten in der Fiori-Umgebung macht einfach Spa\u00df!<\/p>\n<p>In der SAP-Fiori-Umgebung stehen drei Arten von Anwendungen zur Verf\u00fcgung:<\/p>\n<ul>\n<li><strong>Analytisch &#8211; <\/strong>\u00dcberwachung der wichtigsten Leistungsindikatoren (KPIs) auf kontinuierlicher Basis und Erm\u00f6glichung neuer Gesch\u00e4ftsrichtungen als Reaktion auf Marktver\u00e4nderungen. Mit dem Zugriff auf virtuelle Datenmodelle bieten die Analyse-Apps Benutzern auch Zugriff auf die erforderlichen Informationen zum Betrieb ihres Unternehmens. Die Daten werden mithilfe von Schaubildern, Grafiken und Diagrammen in einem zug\u00e4nglichen Format dargestellt, das eine bessere Interpretation der Gesch\u00e4ftsergebnisse erm\u00f6glicht.<\/li>\n<li><strong>Transaktion &#8211; <\/strong>Unterst\u00fctzung sowohl interner als auch externer Gesch\u00e4ftsprozesse. Fiori-Transaktions-Apps erleichtern die Erstellung, Implementierung und Anpassung von Kundenauftr\u00e4gen und Urlaubsanfragen von Mitarbeitern bis hin zur Lohn- und Gehaltsabrechnung. Da die Daten in Echtzeit ge\u00e4ndert werden, sind die Auswirkungen aller \u00c4nderungen sofort sichtbar. Dies erm\u00f6glicht eine bessere interne Kommunikation und sch\u00fctzt auch vor einfachen Fehlern (wie Doppelbestellungen).<\/li>\n<li><strong>Informationslisten &#8211; <\/strong>Erm\u00f6glichen des Zugriffs auf alle erforderlichen Daten von einem \u00dcbersichtsbildschirm aus, wodurch Sie die ben\u00f6tigten Informationen viel schneller finden als in anderen SAP-Benutzerumgebungen. Da f\u00fcr die Berichterstellung in Fiori HANA-Datenbanken verwendet werden, werden Datenarbeitsbl\u00e4tter durchsucht, wenn der Benutzer seine Abfrage eingibt. Neue Ergebnisse sind auch auf dem \u00dcbersichtsbildschirm verf\u00fcgbar, sodass Sie nicht mehr zwischen mehreren Fenstern navigieren m\u00fcssen.<\/li>\n<\/ul>\n<p>Der gr\u00f6\u00dfte Vorteil der SAP-Fiori-Oberfl\u00e4che besteht darin, dass Benutzer eine einheitliche, ununterbrochene Arbeitserfahrung erhalten. Klare, lesbare Ansichten erleichtern die Entscheidungsfindung der Benutzer, und st\u00e4ndig aktualisierte Daten bedeuten, dass Sie keine \u00c4nderungen verpassen.<\/p>\n<p>Wir bieten einen SAP-zentrierten Unternehmensansatz f\u00fcr Design Thinking, der tiefes technisches SAP-Know-how mit UX und Gesch\u00e4ftsprozessen verbindet. Guntan bietet seit langem herausragende Fiori-L\u00f6sungen f\u00fcr Hunderte von Kunden in verschiedenen Branchen.[\/vc_column_text][\/vc_column][\/vc_row]<\/p>\n","protected":false},"excerpt":{"rendered":"<p>[vc_row][vc_column][vc_empty_space][vc_single_image image=&#8221;16406&#8243; img_size=&#8221;1500&#215;300&#8243;][vc_empty_space][\/vc_column][\/vc_row][vc_row][vc_column][vc_column_text]SAP Fiori ist die Benutzeroberfl\u00e4che oder Benutzererfahrung (UX), die die SAP-GUI erg\u00e4nzt und ersetzen kann. Diese optimierte Anwendung verwendet Kacheln, um Standardaufgaben wie das Genehmigen von Bestellanforderungen, das Anzeigen von Kundenauftr\u00e4gen und das Genehmigen von Arbeitszeittabellen zu kapseln. Die SAP-Fiori-Umgebung ist der neue Standard f\u00fcr moderne Benutzeroberfl\u00e4chen und besteht aus einer Reihe von [&hellip;]<\/p>\n","protected":false},"author":197903270,"featured_media":0,"parent":0,"menu_order":0,"comment_status":"closed","ping_status":"closed","template":"","meta":{"_coblocks_attr":"","_coblocks_dimensions":"","_coblocks_responsive_height":"","_coblocks_accordion_ie_support":"","_crdt_document":"","advanced_seo_description":"","jetpack_seo_html_title":"","jetpack_seo_noindex":false,"footnotes":""},"class_list":["post-17020","page","type-page","status-publish","hentry"],"jetpack_shortlink":"https:\/\/wp.me\/PcCCoA-4qw","jetpack_sharing_enabled":false,"amp_enabled":true,"_links":{"self":[{"href":"https:\/\/guntan.de\/de\/wp-json\/wp\/v2\/pages\/17020","targetHints":{"allow":["GET"]}}],"collection":[{"href":"https:\/\/guntan.de\/de\/wp-json\/wp\/v2\/pages"}],"about":[{"href":"https:\/\/guntan.de\/de\/wp-json\/wp\/v2\/types\/page"}],"author":[{"embeddable":true,"href":"https:\/\/guntan.de\/de\/wp-json\/wp\/v2\/users\/197903270"}],"replies":[{"embeddable":true,"href":"https:\/\/guntan.de\/de\/wp-json\/wp\/v2\/comments?post=17020"}],"version-history":[{"count":2,"href":"https:\/\/guntan.de\/de\/wp-json\/wp\/v2\/pages\/17020\/revisions"}],"predecessor-version":[{"id":17022,"href":"https:\/\/guntan.de\/de\/wp-json\/wp\/v2\/pages\/17020\/revisions\/17022"}],"wp:attachment":[{"href":"https:\/\/guntan.de\/de\/wp-json\/wp\/v2\/media?parent=17020"}],"curies":[{"name":"wp","href":"https:\/\/api.w.org\/{rel}","templated":true}]}}